{"id":62,"date":"2023-11-26T16:27:07","date_gmt":"2023-11-26T15:27:07","guid":{"rendered":"https:\/\/hadilsl.cluster028.hosting.ovh.net\/?page_id=62"},"modified":"2026-02-07T14:17:01","modified_gmt":"2026-02-07T13:17:01","slug":"bio-2","status":"publish","type":"page","link":"https:\/\/hadilsalih.fr\/en\/bio-2\/","title":{"rendered":"About Me"},"content":{"rendered":"<div data-elementor-type=\"wp-page\" data-elementor-id=\"62\" class=\"elementor elementor-62\">\n\t\t\t\t\t\t<section class=\"elementor-section elementor-top-section elementor-element elementor-element-3ba3da8 elementor-section-boxed elementor-section-height-default elementor-section-height-default\" data-id=\"3ba3da8\" data-element_type=\"section\">\n\t\t\t\t\t\t<div class=\"elementor-container elementor-column-gap-default\">\n\t\t\t\t\t<div class=\"elementor-column elementor-col-100 elementor-top-column elementor-element elementor-element-c89342d\" data-id=\"c89342d\" data-element_type=\"column\">\n\t\t\t<div class=\"elementor-widget-wrap elementor-element-populated\">\n\t\t\t\t\t\t<div class=\"elementor-element elementor-element-d65c5aa elementor-widget elementor-widget-page-title\" data-id=\"d65c5aa\" data-element_type=\"widget\" data-widget_type=\"page-title.default\">\n\t\t\t\t<div class=\"elementor-widget-container\">\n\t\t\t\t\t\t\t\n\t\t<div class=\"hfe-page-title hfe-page-title-wrapper elementor-widget-heading\">\n\n\t\t\t\t\t\t\t\t<h2 class=\"elementor-heading-title elementor-size-default\">\n\t\t\t\t\t\t\t\t\n\t\t\t\tAbout Me  \n\t\t\t<\/h2> \n\t\t\t\t\t<\/div>\n\t\t\t\t\t\t<\/div>\n\t\t\t\t<\/div>\n\t\t\t\t\t<\/div>\n\t\t<\/div>\n\t\t\t\t\t<\/div>\n\t\t<\/section>\n\t\t\t\t<section class=\"elementor-section elementor-top-section elementor-element elementor-element-d3fcac9 elementor-section-boxed elementor-section-height-default elementor-section-height-default\" data-id=\"d3fcac9\" data-element_type=\"section\">\n\t\t\t\t\t\t<div class=\"elementor-container elementor-column-gap-default\">\n\t\t\t\t\t<div class=\"elementor-column elementor-col-100 elementor-top-column elementor-element elementor-element-39c14b8\" data-id=\"39c14b8\" data-element_type=\"column\">\n\t\t\t<div class=\"elementor-widget-wrap elementor-element-populated\">\n\t\t\t\t\t\t<div class=\"elementor-element elementor-element-3ce4a41 elementor-widget-divider--view-line elementor-widget elementor-widget-divider\" data-id=\"3ce4a41\" data-element_type=\"widget\" data-widget_type=\"divider.default\">\n\t\t\t\t<div class=\"elementor-widget-container\">\n\t\t\t\t\t\t\t<div class=\"elementor-divider\">\n\t\t\t<span class=\"elementor-divider-separator\">\n\t\t\t\t\t\t<\/span>\n\t\t<\/div>\n\t\t\t\t\t\t<\/div>\n\t\t\t\t<\/div>\n\t\t\t\t\t<\/div>\n\t\t<\/div>\n\t\t\t\t\t<\/div>\n\t\t<\/section>\n\t\t\t\t<section class=\"elementor-section elementor-top-section elementor-element elementor-element-8bfe7a1 elementor-section-boxed elementor-section-height-default elementor-section-height-default\" data-id=\"8bfe7a1\" data-element_type=\"section\">\n\t\t\t\t\t\t<div class=\"elementor-container elementor-column-gap-default\">\n\t\t\t\t\t<div class=\"elementor-column elementor-col-100 elementor-top-column elementor-element elementor-element-36ac2fa\" data-id=\"36ac2fa\" data-element_type=\"column\">\n\t\t\t<div class=\"elementor-widget-wrap elementor-element-populated\">\n\t\t\t\t\t\t<div class=\"elementor-element elementor-element-4ceab03 elementor-widget elementor-widget-image-gallery\" data-id=\"4ceab03\" data-element_type=\"widget\" data-widget_type=\"image-gallery.default\">\n\t\t\t\t<div class=\"elementor-widget-container\">\n\t\t\t\t\t\t\t<div class=\"elementor-image-gallery\">\n\t\t\t<div id='gallery-1' class='gallery galleryid-62 gallery-columns-2 gallery-size-medium'><figure class='gallery-item'>\n\t\t\t<div class='gallery-icon portrait'>\n\t\t\t\t<a data-elementor-open-lightbox=\"yes\" data-elementor-lightbox-slideshow=\"4ceab03\" data-e-action-hash=\"#elementor-action%3Aaction%3Dlightbox%26settings%3DeyJpZCI6MTIyMiwidXJsIjoiaHR0cHM6XC9cL2hhZGlsc2FsaWguZnJcL3dwLWNvbnRlbnRcL3VwbG9hZHNcLzIwMjRcLzAxXC9IYWRpbC1TYWxpaC5qcGciLCJzbGlkZXNob3ciOiI0Y2VhYjAzIn0%3D\" href='https:\/\/hadilsalih.fr\/wp-content\/uploads\/2024\/01\/Hadil-Salih.jpg'><img fetchpriority=\"high\" decoding=\"async\" width=\"259\" height=\"300\" src=\"https:\/\/hadilsalih.fr\/wp-content\/uploads\/2024\/01\/Hadil-Salih-259x300.jpg\" class=\"attachment-medium size-medium\" alt=\"\" srcset=\"https:\/\/hadilsalih.fr\/wp-content\/uploads\/2024\/01\/Hadil-Salih-259x300.jpg 259w, https:\/\/hadilsalih.fr\/wp-content\/uploads\/2024\/01\/Hadil-Salih-884x1024.jpg 884w, https:\/\/hadilsalih.fr\/wp-content\/uploads\/2024\/01\/Hadil-Salih-768x889.jpg 768w, https:\/\/hadilsalih.fr\/wp-content\/uploads\/2024\/01\/Hadil-Salih-1326x1536.jpg 1326w, https:\/\/hadilsalih.fr\/wp-content\/uploads\/2024\/01\/Hadil-Salih-1769x2048.jpg 1769w\" sizes=\"(max-width: 259px) 100vw, 259px\" \/><\/a>\n\t\t\t<\/div><\/figure>\n\t\t<\/div>\n\t\t<\/div>\n\t\t\t\t\t\t<\/div>\n\t\t\t\t<\/div>\n\t\t\t\t<div class=\"elementor-element elementor-element-172e9d2 elementor-widget elementor-widget-text-editor\" data-id=\"172e9d2\" data-element_type=\"widget\" data-widget_type=\"text-editor.default\">\n\t\t\t\t<div class=\"elementor-widget-container\">\n\t\t\t\t\t\t\t\t\t<p>N\u00e9e en 1990, d\u2019ascendance franco-irakienne, Hadil Salih d\u00e9veloppe une pratique o\u00f9 le dessin, la c\u00e9ramique, la gravure, la calligraphie arabe et la sculpture pour la danse se combinent dans un esprit de collage. Son univers, nourri de r\u00e9f\u00e9rences anthropologiques, philosophiques et botaniques, assume l\u2019h\u00e9t\u00e9rog\u00e9n\u00e9it\u00e9 comme principe cr\u00e9atif.<\/p><p>H\u00e9riti\u00e8re d\u2019une tradition mill\u00e9naire de calligraphie arabe, mais aussi du mouvement anglais <em>Arts &amp; Crafts<\/em>, n\u00e9 \u00e0 la fin du XIX\u1d49 si\u00e8cle et pr\u00f4nant l\u2019unit\u00e9 entre beaux-arts et arts d\u00e9coratifs, elle s\u2019inscrit \u00e9galement dans la lign\u00e9e fran\u00e7aise de <em>L\u2019Art dans Tout<\/em> (vers 1900), qui abolissait les hi\u00e9rarchies entre art et artisanat.<\/p><p>L\u2019alt\u00e9rit\u00e9, le rapport aux vivants \u2014 v\u00e9g\u00e9taux, animaux non humains \u2014 mais aussi aux \u00ab non-vivants \u00bb, aux fant\u00f4mes, \u00e0 l\u2019invisible et au sacr\u00e9 traversent l\u2019ensemble de ses \u0153uvres. Y r\u00e9sonnent des tentatives de dialogues inter-esp\u00e8ces, d\u2019interactions avec les non-humains, ces \u00ab parents f\u00e9\u00e9riques* \u00bb pour reprendre l\u2019expression d\u2019Estelle Zhong Mengual : des \u00eatres per\u00e7us dans leurs complexit\u00e9s, leurs \u00e9tranget\u00e9s et leurs singularit\u00e9s, mais aussi dans leurs parent\u00e9s et correspondances avec nos propres corps.<\/p><p>Au sein de son travail, m\u00e9tamorphoses, communications polyglottes inter-esp\u00e8ces et relations \u00e0 l\u2019invisible s\u2019imbriquent et se croisent. Les sculptures pour la danse deviennent des espaces de transformation du corps du danseur, de rencontre avec l\u2019alt\u00e9rit\u00e9 \u2014 la performance artistique rejoint en cela la performance rituelle. Les collages y sont des combinaisons kal\u00e9idoscopiques d\u2019images sacr\u00e9es et profanes, multiples, ambigu\u00ebs, parfois subversives. Les dessins et gravures, d\u2019une pr\u00e9cision chirurgicale, semblent surgir d\u2019un r\u00eave o\u00f9 le r\u00e9el n\u2019en devient que plus \u00e9trange, f\u00e9\u00e9rique et fantastique.<\/p><p>Son travail est pr\u00e9sent\u00e9 dans des institutions telles que le Mus\u00e9e de la Chasse et de la Nature, le Carreau du Temple, Cartier International ou encore l\u2019Institut du Monde Arabe. Ses collaborations traversent les champs de la litt\u00e9rature, de la danse et de la musique contemporaine (avec les chor\u00e9graphes et danseurs Marinette Dozeville, Wrestler, Julie Lamoine, La Fabrique de la Danse, Lorenzo de Angelis, ainsi que le chef d\u2019orchestre L\u00e9o Margue ou la po\u00e9tesse Tiphaine Rault\u2026).<\/p><p>Ces rencontres l\u2019am\u00e8nent \u00e0 la cofondation du collectif d\u2019improvisation pluridisciplinaire arts visuels, musique et danse contemporaine LE CHANTIER. Engag\u00e9e dans la transmission, elle a \u00e9galement l\u2019occasion de donner des workshops au sein d\u2019institutions telles que le Mus\u00e9e d\u2019Art Moderne de Paris, le mus\u00e9e Rodin, le Carreau du Temple, l\u2019Institut du Monde Arabe, le mus\u00e9e du Quai Branly \u2013 Jacques Chirac ou encore l\u2019\u00c9cole nationale sup\u00e9rieure de Paris (ENS Ulm).<\/p><p>Estelle Zhong Mengual, <em>Apprendre \u00e0 voir<\/em>, 2021<\/p>\t\t\t\t\t\t\t\t<\/div>\n\t\t\t\t<\/div>\n\t\t\t\t\t<\/div>\n\t\t<\/div>\n\t\t\t\t\t<\/div>\n\t\t<\/section>\n\t\t\t\t<\/div>","protected":false},"excerpt":{"rendered":"<p>Bio N\u00e9e en 1990, d\u2019ascendance franco-irakienne, Hadil Salih d\u00e9veloppe une pratique o\u00f9 le dessin, la c\u00e9ramique, la gravure, la calligraphie arabe et la sculpture pour la danse se combinent dans un esprit de collage. Son univers, nourri de r\u00e9f\u00e9rences anthropologiques, philosophiques et botaniques, assume l\u2019h\u00e9t\u00e9rog\u00e9n\u00e9it\u00e9 comme principe cr\u00e9atif. H\u00e9riti\u00e8re d\u2019une tradition mill\u00e9naire de calligraphie arabe, [&hellip;]<\/p>","protected":false},"author":1,"featured_media":0,"parent":0,"menu_order":0,"comment_status":"closed","ping_status":"closed","template":"","meta":{"footnotes":""},"class_list":["post-62","page","type-page","status-publish","hentry"],"yoast_head":"<!-- This site is optimized with the Yoast SEO plugin v24.6 - https:\/\/yoast.com\/wordpress\/plugins\/seo\/ -->\n<title>Bio - Hadil Salih<\/title>\n<meta name=\"robots\" content=\"index, follow, max-snippet:-1, max-image-preview:large, max-video-preview:-1\" \/>\n<link rel=\"canonical\" href=\"https:\/\/hadilsalih.fr\/en\/bio-2\/\" \/>\n<meta property=\"og:locale\" content=\"en_GB\" \/>\n<meta property=\"og:type\" content=\"article\" \/>\n<meta property=\"og:title\" content=\"Bio - Hadil Salih\" \/>\n<meta property=\"og:description\" content=\"Bio N\u00e9e en 1990, d\u2019ascendance franco-irakienne, Hadil Salih d\u00e9veloppe une pratique o\u00f9 le dessin, la c\u00e9ramique, la gravure, la calligraphie arabe et la sculpture pour la danse se combinent dans un esprit de collage. Son univers, nourri de r\u00e9f\u00e9rences anthropologiques, philosophiques et botaniques, assume l\u2019h\u00e9t\u00e9rog\u00e9n\u00e9it\u00e9 comme principe cr\u00e9atif. H\u00e9riti\u00e8re d\u2019une tradition mill\u00e9naire de calligraphie arabe, [&hellip;]\" \/>\n<meta property=\"og:url\" content=\"https:\/\/hadilsalih.fr\/en\/bio-2\/\" \/>\n<meta property=\"og:site_name\" content=\"Hadil Salih\" \/>\n<meta property=\"article:modified_time\" content=\"2026-02-07T13:17:01+00:00\" \/>\n<meta property=\"og:image\" content=\"https:\/\/hadilsalih.fr\/wp-content\/uploads\/2024\/01\/Hadil-Salih-259x300.jpg\" \/>\n<meta name=\"twitter:card\" content=\"summary_large_image\" \/>\n<meta name=\"twitter:label1\" content=\"Estimated reading time\" \/>\n\t<meta name=\"twitter:data1\" content=\"3 minutes\" \/>\n<script type=\"application\/ld+json\" class=\"yoast-schema-graph\">{\"@context\":\"https:\/\/schema.org\",\"@graph\":[{\"@type\":\"WebPage\",\"@id\":\"https:\/\/hadilsalih.fr\/bio-2\/\",\"url\":\"https:\/\/hadilsalih.fr\/bio-2\/\",\"name\":\"Bio - Hadil Salih\",\"isPartOf\":{\"@id\":\"https:\/\/hadilsalih.fr\/#website\"},\"primaryImageOfPage\":{\"@id\":\"https:\/\/hadilsalih.fr\/bio-2\/#primaryimage\"},\"image\":{\"@id\":\"https:\/\/hadilsalih.fr\/bio-2\/#primaryimage\"},\"thumbnailUrl\":\"https:\/\/hadilsalih.fr\/wp-content\/uploads\/2024\/01\/Hadil-Salih-259x300.jpg\",\"datePublished\":\"2023-11-26T15:27:07+00:00\",\"dateModified\":\"2026-02-07T13:17:01+00:00\",\"breadcrumb\":{\"@id\":\"https:\/\/hadilsalih.fr\/bio-2\/#breadcrumb\"},\"inLanguage\":\"en-GB\",\"potentialAction\":[{\"@type\":\"ReadAction\",\"target\":[\"https:\/\/hadilsalih.fr\/bio-2\/\"]}]},{\"@type\":\"ImageObject\",\"inLanguage\":\"en-GB\",\"@id\":\"https:\/\/hadilsalih.fr\/bio-2\/#primaryimage\",\"url\":\"https:\/\/hadilsalih.fr\/wp-content\/uploads\/2024\/01\/Hadil-Salih-259x300.jpg\",\"contentUrl\":\"https:\/\/hadilsalih.fr\/wp-content\/uploads\/2024\/01\/Hadil-Salih-259x300.jpg\"},{\"@type\":\"BreadcrumbList\",\"@id\":\"https:\/\/hadilsalih.fr\/bio-2\/#breadcrumb\",\"itemListElement\":[{\"@type\":\"ListItem\",\"position\":1,\"name\":\"Accueil\",\"item\":\"https:\/\/hadilsalih.fr\/\"},{\"@type\":\"ListItem\",\"position\":2,\"name\":\"Bio\"}]},{\"@type\":\"WebSite\",\"@id\":\"https:\/\/hadilsalih.fr\/#website\",\"url\":\"https:\/\/hadilsalih.fr\/\",\"name\":\"Hadil Salih\",\"description\":\"\",\"potentialAction\":[{\"@type\":\"SearchAction\",\"target\":{\"@type\":\"EntryPoint\",\"urlTemplate\":\"https:\/\/hadilsalih.fr\/?s={search_term_string}\"},\"query-input\":{\"@type\":\"PropertyValueSpecification\",\"valueRequired\":true,\"valueName\":\"search_term_string\"}}],\"inLanguage\":\"en-GB\"}]}<\/script>\n<!-- \/ Yoast SEO plugin. -->","yoast_head_json":{"title":"Bio - Hadil Salih","robots":{"index":"index","follow":"follow","max-snippet":"max-snippet:-1","max-image-preview":"max-image-preview:large","max-video-preview":"max-video-preview:-1"},"canonical":"https:\/\/hadilsalih.fr\/en\/bio-2\/","og_locale":"en_GB","og_type":"article","og_title":"Bio - Hadil Salih","og_description":"Bio N\u00e9e en 1990, d\u2019ascendance franco-irakienne, Hadil Salih d\u00e9veloppe une pratique o\u00f9 le dessin, la c\u00e9ramique, la gravure, la calligraphie arabe et la sculpture pour la danse se combinent dans un esprit de collage. Son univers, nourri de r\u00e9f\u00e9rences anthropologiques, philosophiques et botaniques, assume l\u2019h\u00e9t\u00e9rog\u00e9n\u00e9it\u00e9 comme principe cr\u00e9atif. H\u00e9riti\u00e8re d\u2019une tradition mill\u00e9naire de calligraphie arabe, [&hellip;]","og_url":"https:\/\/hadilsalih.fr\/en\/bio-2\/","og_site_name":"Hadil Salih","article_modified_time":"2026-02-07T13:17:01+00:00","og_image":[{"url":"https:\/\/hadilsalih.fr\/wp-content\/uploads\/2024\/01\/Hadil-Salih-259x300.jpg","type":"","width":"","height":""}],"twitter_card":"summary_large_image","twitter_misc":{"Estimated reading time":"3 minutes"},"schema":{"@context":"https:\/\/schema.org","@graph":[{"@type":"WebPage","@id":"https:\/\/hadilsalih.fr\/bio-2\/","url":"https:\/\/hadilsalih.fr\/bio-2\/","name":"Bio - Hadil Salih","isPartOf":{"@id":"https:\/\/hadilsalih.fr\/#website"},"primaryImageOfPage":{"@id":"https:\/\/hadilsalih.fr\/bio-2\/#primaryimage"},"image":{"@id":"https:\/\/hadilsalih.fr\/bio-2\/#primaryimage"},"thumbnailUrl":"https:\/\/hadilsalih.fr\/wp-content\/uploads\/2024\/01\/Hadil-Salih-259x300.jpg","datePublished":"2023-11-26T15:27:07+00:00","dateModified":"2026-02-07T13:17:01+00:00","breadcrumb":{"@id":"https:\/\/hadilsalih.fr\/bio-2\/#breadcrumb"},"inLanguage":"en-GB","potentialAction":[{"@type":"ReadAction","target":["https:\/\/hadilsalih.fr\/bio-2\/"]}]},{"@type":"ImageObject","inLanguage":"en-GB","@id":"https:\/\/hadilsalih.fr\/bio-2\/#primaryimage","url":"https:\/\/hadilsalih.fr\/wp-content\/uploads\/2024\/01\/Hadil-Salih-259x300.jpg","contentUrl":"https:\/\/hadilsalih.fr\/wp-content\/uploads\/2024\/01\/Hadil-Salih-259x300.jpg"},{"@type":"BreadcrumbList","@id":"https:\/\/hadilsalih.fr\/bio-2\/#breadcrumb","itemListElement":[{"@type":"ListItem","position":1,"name":"Accueil","item":"https:\/\/hadilsalih.fr\/"},{"@type":"ListItem","position":2,"name":"Bio"}]},{"@type":"WebSite","@id":"https:\/\/hadilsalih.fr\/#website","url":"https:\/\/hadilsalih.fr\/","name":"Hadil Salih","description":"","potentialAction":[{"@type":"SearchAction","target":{"@type":"EntryPoint","urlTemplate":"https:\/\/hadilsalih.fr\/?s={search_term_string}"},"query-input":{"@type":"PropertyValueSpecification","valueRequired":true,"valueName":"search_term_string"}}],"inLanguage":"en-GB"}]}},"_links":{"self":[{"href":"https:\/\/hadilsalih.fr\/en\/wp-json\/wp\/v2\/pages\/62","targetHints":{"allow":["GET"]}}],"collection":[{"href":"https:\/\/hadilsalih.fr\/en\/wp-json\/wp\/v2\/pages"}],"about":[{"href":"https:\/\/hadilsalih.fr\/en\/wp-json\/wp\/v2\/types\/page"}],"author":[{"embeddable":true,"href":"https:\/\/hadilsalih.fr\/en\/wp-json\/wp\/v2\/users\/1"}],"replies":[{"embeddable":true,"href":"https:\/\/hadilsalih.fr\/en\/wp-json\/wp\/v2\/comments?post=62"}],"version-history":[{"count":40,"href":"https:\/\/hadilsalih.fr\/en\/wp-json\/wp\/v2\/pages\/62\/revisions"}],"predecessor-version":[{"id":2509,"href":"https:\/\/hadilsalih.fr\/en\/wp-json\/wp\/v2\/pages\/62\/revisions\/2509"}],"wp:attachment":[{"href":"https:\/\/hadilsalih.fr\/en\/wp-json\/wp\/v2\/media?parent=62"}],"curies":[{"name":"wp","href":"https:\/\/api.w.org\/{rel}","templated":true}]}}