{"id":2404,"date":"2026-01-12T20:44:24","date_gmt":"2026-01-12T19:44:24","guid":{"rendered":"https:\/\/hadilsalih.fr\/?page_id=2404"},"modified":"2026-02-07T15:20:54","modified_gmt":"2026-02-07T14:20:54","slug":"calligraphie","status":"publish","type":"page","link":"https:\/\/hadilsalih.fr\/en\/calligraphie\/","title":{"rendered":"Calligraphy"},"content":{"rendered":"<div data-elementor-type=\"wp-page\" data-elementor-id=\"2404\" class=\"elementor elementor-2404\">\n\t\t\t\t\t\t<section class=\"elementor-section elementor-top-section elementor-element elementor-element-9100e6e elementor-section-boxed elementor-section-height-default elementor-section-height-default\" data-id=\"9100e6e\" data-element_type=\"section\">\n\t\t\t\t\t\t<div class=\"elementor-container elementor-column-gap-default\">\n\t\t\t\t\t<div class=\"elementor-column elementor-col-100 elementor-top-column elementor-element elementor-element-ccd8297\" data-id=\"ccd8297\" data-element_type=\"column\">\n\t\t\t<div class=\"elementor-widget-wrap elementor-element-populated\">\n\t\t\t\t\t\t<div class=\"elementor-element elementor-element-d999755 elementor-widget elementor-widget-page-title\" data-id=\"d999755\" data-element_type=\"widget\" data-widget_type=\"page-title.default\">\n\t\t\t\t<div class=\"elementor-widget-container\">\n\t\t\t\t\t\t\t\n\t\t<div class=\"hfe-page-title hfe-page-title-wrapper elementor-widget-heading\">\n\n\t\t\t\t\t\t\t\t\t\t\t<a href=\"https:\/\/hadilsalih.fr\/en\">\n\t\t\t\t\t\t<h2 class=\"elementor-heading-title elementor-size-default\">\n\t\t\t\t\t\t\t\t\n\t\t\t\tCalligraphy  \n\t\t\t<\/h2> \n\t\t\t\t\t\t\t\t\t<\/a>\n\t\t\t\t\t<\/div>\n\t\t\t\t\t\t<\/div>\n\t\t\t\t<\/div>\n\t\t\t\t\t<\/div>\n\t\t<\/div>\n\t\t\t\t\t<\/div>\n\t\t<\/section>\n\t\t\t\t<section class=\"elementor-section elementor-top-section elementor-element elementor-element-f9a2ab5 elementor-section-boxed elementor-section-height-default elementor-section-height-default\" data-id=\"f9a2ab5\" data-element_type=\"section\">\n\t\t\t\t\t\t<div class=\"elementor-container elementor-column-gap-default\">\n\t\t\t\t\t<div class=\"elementor-column elementor-col-100 elementor-top-column elementor-element elementor-element-5bc2c28\" data-id=\"5bc2c28\" data-element_type=\"column\">\n\t\t\t<div class=\"elementor-widget-wrap elementor-element-populated\">\n\t\t\t\t\t\t<div class=\"elementor-element elementor-element-66fac74 elementor-widget-divider--view-line elementor-widget elementor-widget-divider\" data-id=\"66fac74\" data-element_type=\"widget\" data-widget_type=\"divider.default\">\n\t\t\t\t<div class=\"elementor-widget-container\">\n\t\t\t\t\t\t\t<div class=\"elementor-divider\">\n\t\t\t<span class=\"elementor-divider-separator\">\n\t\t\t\t\t\t<\/span>\n\t\t<\/div>\n\t\t\t\t\t\t<\/div>\n\t\t\t\t<\/div>\n\t\t\t\t\t<\/div>\n\t\t<\/div>\n\t\t\t\t\t<\/div>\n\t\t<\/section>\n\t\t\t\t<section class=\"elementor-section elementor-top-section elementor-element elementor-element-b64888d elementor-section-boxed elementor-section-height-default elementor-section-height-default\" data-id=\"b64888d\" data-element_type=\"section\">\n\t\t\t\t\t\t<div class=\"elementor-container elementor-column-gap-default\">\n\t\t\t\t\t<div class=\"elementor-column elementor-col-100 elementor-top-column elementor-element elementor-element-f40c3d4\" data-id=\"f40c3d4\" data-element_type=\"column\">\n\t\t\t<div class=\"elementor-widget-wrap elementor-element-populated\">\n\t\t\t\t\t\t<div class=\"elementor-element elementor-element-714302a elementor-widget elementor-widget-text-editor\" data-id=\"714302a\" data-element_type=\"widget\" data-widget_type=\"text-editor.default\">\n\t\t\t\t<div class=\"elementor-widget-container\">\n\t\t\t\t\t\t\t\t\t<p>La calligraphie est un h\u00e9ritage de mon p\u00e8re ma\u00eetre-calligraphe qui m\u2019a transmis l\u2019art de manier et de sublimer les lettres arabes. Art du souffle et du mouvement, art sacr\u00e9 et mill\u00e9naire omnipr\u00e9sent dans la civilisation arabo-musulmane, j\u2019explore avec une humilit\u00e9 n\u00e9cessaire les possibilit\u00e9s infinies qu\u2019offre la calligraphie. J\u2019en cherche les contours, l\u00e0 o\u00f9 l\u2019encre et l\u2019eau se r\u00e9pandent, l\u00e0 o\u00f9 les lettres s\u2019hybrident et o\u00f9 le geste se fait trace.<\/p>\t\t\t\t\t\t\t\t<\/div>\n\t\t\t\t<\/div>\n\t\t\t\t\t<\/div>\n\t\t<\/div>\n\t\t\t\t\t<\/div>\n\t\t<\/section>\n\t\t\t\t<section class=\"elementor-section elementor-top-section elementor-element elementor-element-79c867b elementor-section-boxed elementor-section-height-default elementor-section-height-default\" data-id=\"79c867b\" data-element_type=\"section\">\n\t\t\t\t\t\t<div class=\"elementor-container elementor-column-gap-default\">\n\t\t\t\t\t<div class=\"elementor-column elementor-col-100 elementor-top-column elementor-element elementor-element-a370046\" data-id=\"a370046\" data-element_type=\"column\">\n\t\t\t<div class=\"elementor-widget-wrap elementor-element-populated\">\n\t\t\t\t\t\t<div class=\"elementor-element elementor-element-c0031d4 elementor-widget elementor-widget-spacer\" data-id=\"c0031d4\" data-element_type=\"widget\" data-widget_type=\"spacer.default\">\n\t\t\t\t<div class=\"elementor-widget-container\">\n\t\t\t\t\t\t\t<div class=\"elementor-spacer\">\n\t\t\t<div class=\"elementor-spacer-inner\"><\/div>\n\t\t<\/div>\n\t\t\t\t\t\t<\/div>\n\t\t\t\t<\/div>\n\t\t\t\t<div class=\"elementor-element elementor-element-1eeefc0 elementor-widget elementor-widget-text-editor\" data-id=\"1eeefc0\" data-element_type=\"widget\" data-widget_type=\"text-editor.default\">\n\t\t\t\t<div class=\"elementor-widget-container\">\n\t\t\t\t\t\t\t\t\t<p>Feuilles, 2026,&nbsp;encre et feuilles de bambou<\/p>\t\t\t\t\t\t\t\t<\/div>\n\t\t\t\t<\/div>\n\t\t\t\t\t<\/div>\n\t\t<\/div>\n\t\t\t\t\t<\/div>\n\t\t<\/section>\n\t\t\t\t<section class=\"elementor-section elementor-top-section elementor-element elementor-element-a44826d elementor-section-boxed elementor-section-height-default elementor-section-height-default\" data-id=\"a44826d\" data-element_type=\"section\">\n\t\t\t\t\t\t<div class=\"elementor-container elementor-column-gap-default\">\n\t\t\t\t\t<div class=\"elementor-column elementor-col-100 elementor-top-column elementor-element elementor-element-cc3cb24\" data-id=\"cc3cb24\" data-element_type=\"column\">\n\t\t\t<div class=\"elementor-widget-wrap elementor-element-populated\">\n\t\t\t\t\t\t<div class=\"elementor-element elementor-element-4c81a2c elementor-widget__width-auto elementor-widget elementor-widget-image-gallery\" data-id=\"4c81a2c\" data-element_type=\"widget\" data-widget_type=\"image-gallery.default\">\n\t\t\t\t<div class=\"elementor-widget-container\">\n\t\t\t\t\t\t\t<div class=\"elementor-image-gallery\">\n\t\t\t<div id='gallery-1' class='gallery galleryid-2404 gallery-columns-1 gallery-size-1536x1536'><figure class='gallery-item'>\n\t\t\t<div class='gallery-icon portrait'>\n\t\t\t\t<a data-elementor-open-lightbox=\"yes\" data-elementor-lightbox-slideshow=\"4c81a2c\" data-e-action-hash=\"#elementor-action%3Aaction%3Dlightbox%26settings%3DeyJpZCI6MjQxMSwidXJsIjoiaHR0cHM6XC9cL2hhZGlsc2FsaWguZnJcL3dwLWNvbnRlbnRcL3VwbG9hZHNcLzIwMjZcLzAxXC9GZXVpbGxlcy1zY2FsZWQuanBnIiwic2xpZGVzaG93IjoiNGM4MWEyYyJ9\" href='https:\/\/hadilsalih.fr\/wp-content\/uploads\/2026\/01\/Feuilles-scaled.jpg'><img fetchpriority=\"high\" decoding=\"async\" width=\"1152\" height=\"1536\" src=\"https:\/\/hadilsalih.fr\/wp-content\/uploads\/2026\/01\/Feuilles-1152x1536.jpg\" class=\"attachment-1536x1536 size-1536x1536\" alt=\"\" srcset=\"https:\/\/hadilsalih.fr\/wp-content\/uploads\/2026\/01\/Feuilles-1152x1536.jpg 1152w, https:\/\/hadilsalih.fr\/wp-content\/uploads\/2026\/01\/Feuilles-225x300.jpg 225w, https:\/\/hadilsalih.fr\/wp-content\/uploads\/2026\/01\/Feuilles-768x1024.jpg 768w, https:\/\/hadilsalih.fr\/wp-content\/uploads\/2026\/01\/Feuilles-1536x2048.jpg 1536w, https:\/\/hadilsalih.fr\/wp-content\/uploads\/2026\/01\/Feuilles-9x12.jpg 9w, https:\/\/hadilsalih.fr\/wp-content\/uploads\/2026\/01\/Feuilles-scaled.jpg 1920w\" sizes=\"(max-width: 1152px) 100vw, 1152px\" \/><\/a>\n\t\t\t<\/div><\/figure>\n\t\t<\/div>\n\t\t<\/div>\n\t\t\t\t\t\t<\/div>\n\t\t\t\t<\/div>\n\t\t\t\t\t<\/div>\n\t\t<\/div>\n\t\t\t\t\t<\/div>\n\t\t<\/section>\n\t\t\t\t<section class=\"elementor-section elementor-top-section elementor-element elementor-element-31b5587 elementor-section-boxed elementor-section-height-default elementor-section-height-default\" data-id=\"31b5587\" data-element_type=\"section\">\n\t\t\t\t\t\t<div class=\"elementor-container elementor-column-gap-default\">\n\t\t\t\t\t<div class=\"elementor-column elementor-col-100 elementor-top-column elementor-element elementor-element-3a57a3b\" data-id=\"3a57a3b\" data-element_type=\"column\">\n\t\t\t<div class=\"elementor-widget-wrap elementor-element-populated\">\n\t\t\t\t\t\t<div class=\"elementor-element elementor-element-bd237e3 elementor-widget elementor-widget-spacer\" data-id=\"bd237e3\" data-element_type=\"widget\" data-widget_type=\"spacer.default\">\n\t\t\t\t<div class=\"elementor-widget-container\">\n\t\t\t\t\t\t\t<div class=\"elementor-spacer\">\n\t\t\t<div class=\"elementor-spacer-inner\"><\/div>\n\t\t<\/div>\n\t\t\t\t\t\t<\/div>\n\t\t\t\t<\/div>\n\t\t\t\t<div class=\"elementor-element elementor-element-c28706d elementor-widget elementor-widget-text-editor\" data-id=\"c28706d\" data-element_type=\"widget\" data-widget_type=\"text-editor.default\">\n\t\t\t\t<div class=\"elementor-widget-container\">\n\t\t\t\t\t\t\t\t\t<p>Vent, 2026, aquarelle, encre et papier<\/p>\t\t\t\t\t\t\t\t<\/div>\n\t\t\t\t<\/div>\n\t\t\t\t<div class=\"elementor-element elementor-element-d517b84 elementor-widget__width-auto elementor-widget elementor-widget-image-gallery\" data-id=\"d517b84\" data-element_type=\"widget\" data-widget_type=\"image-gallery.default\">\n\t\t\t\t<div class=\"elementor-widget-container\">\n\t\t\t\t\t\t\t<div class=\"elementor-image-gallery\">\n\t\t\t<div id='gallery-2' class='gallery galleryid-2404 gallery-columns-1 gallery-size-1536x1536'><figure class='gallery-item'>\n\t\t\t<div class='gallery-icon portrait'>\n\t\t\t\t<a data-elementor-open-lightbox=\"yes\" data-elementor-lightbox-slideshow=\"d517b84\" data-e-action-hash=\"#elementor-action%3Aaction%3Dlightbox%26settings%3DeyJpZCI6MjUxMCwidXJsIjoiaHR0cHM6XC9cL2hhZGlsc2FsaWguZnJcL3dwLWNvbnRlbnRcL3VwbG9hZHNcLzIwMjZcLzAyXC9DYWxsaWdyYXBoaWUtMTB4MTYtMzAwLURQSS5qcGciLCJzbGlkZXNob3ciOiJkNTE3Yjg0In0%3D\" href='https:\/\/hadilsalih.fr\/wp-content\/uploads\/2026\/02\/Calligraphie-10x16-300-DPI.jpg'><img decoding=\"async\" width=\"953\" height=\"1536\" src=\"https:\/\/hadilsalih.fr\/wp-content\/uploads\/2026\/02\/Calligraphie-10x16-300-DPI-953x1536.jpg\" class=\"attachment-1536x1536 size-1536x1536\" alt=\"\" srcset=\"https:\/\/hadilsalih.fr\/wp-content\/uploads\/2026\/02\/Calligraphie-10x16-300-DPI-953x1536.jpg 953w, https:\/\/hadilsalih.fr\/wp-content\/uploads\/2026\/02\/Calligraphie-10x16-300-DPI-186x300.jpg 186w, https:\/\/hadilsalih.fr\/wp-content\/uploads\/2026\/02\/Calligraphie-10x16-300-DPI-635x1024.jpg 635w, https:\/\/hadilsalih.fr\/wp-content\/uploads\/2026\/02\/Calligraphie-10x16-300-DPI-768x1238.jpg 768w, https:\/\/hadilsalih.fr\/wp-content\/uploads\/2026\/02\/Calligraphie-10x16-300-DPI-7x12.jpg 7w, https:\/\/hadilsalih.fr\/wp-content\/uploads\/2026\/02\/Calligraphie-10x16-300-DPI.jpg 1181w\" sizes=\"(max-width: 953px) 100vw, 953px\" \/><\/a>\n\t\t\t<\/div><\/figure>\n\t\t<\/div>\n\t\t<\/div>\n\t\t\t\t\t\t<\/div>\n\t\t\t\t<\/div>\n\t\t\t\t<div class=\"elementor-element elementor-element-e818f19 elementor-widget elementor-widget-spacer\" data-id=\"e818f19\" data-element_type=\"widget\" data-widget_type=\"spacer.default\">\n\t\t\t\t<div class=\"elementor-widget-container\">\n\t\t\t\t\t\t\t<div class=\"elementor-spacer\">\n\t\t\t<div class=\"elementor-spacer-inner\"><\/div>\n\t\t<\/div>\n\t\t\t\t\t\t<\/div>\n\t\t\t\t<\/div>\n\t\t\t\t<div class=\"elementor-element elementor-element-59df198 elementor-widget elementor-widget-text-editor\" data-id=\"59df198\" data-element_type=\"widget\" data-widget_type=\"text-editor.default\">\n\t\t\t\t<div class=\"elementor-widget-container\">\n\t\t\t\t\t\t\t\t\t<p>Sans titre, 2026, aquarelle et papier<\/p>\t\t\t\t\t\t\t\t<\/div>\n\t\t\t\t<\/div>\n\t\t\t\t<div class=\"elementor-element elementor-element-7b93847 elementor-widget__width-auto elementor-widget elementor-widget-image-gallery\" data-id=\"7b93847\" data-element_type=\"widget\" data-widget_type=\"image-gallery.default\">\n\t\t\t\t<div class=\"elementor-widget-container\">\n\t\t\t\t\t\t\t<div class=\"elementor-image-gallery\">\n\t\t\t<div id='gallery-3' class='gallery galleryid-2404 gallery-columns-1 gallery-size-1536x1536'><figure class='gallery-item'>\n\t\t\t<div class='gallery-icon portrait'>\n\t\t\t\t<a data-elementor-open-lightbox=\"yes\" data-elementor-lightbox-slideshow=\"7b93847\" data-e-action-hash=\"#elementor-action%3Aaction%3Dlightbox%26settings%3DeyJpZCI6MjQxNSwidXJsIjoiaHR0cHM6XC9cL2hhZGlsc2FsaWguZnJcL3dwLWNvbnRlbnRcL3VwbG9hZHNcLzIwMjZcLzAxXC9TYW5zLXRpdHJlLTItc2NhbGVkLmpwZyIsInNsaWRlc2hvdyI6IjdiOTM4NDcifQ%3D%3D\" href='https:\/\/hadilsalih.fr\/wp-content\/uploads\/2026\/01\/Sans-titre-2-scaled.jpg'><img decoding=\"async\" width=\"1152\" height=\"1536\" src=\"https:\/\/hadilsalih.fr\/wp-content\/uploads\/2026\/01\/Sans-titre-2-1152x1536.jpg\" class=\"attachment-1536x1536 size-1536x1536\" alt=\"\" srcset=\"https:\/\/hadilsalih.fr\/wp-content\/uploads\/2026\/01\/Sans-titre-2-1152x1536.jpg 1152w, https:\/\/hadilsalih.fr\/wp-content\/uploads\/2026\/01\/Sans-titre-2-225x300.jpg 225w, https:\/\/hadilsalih.fr\/wp-content\/uploads\/2026\/01\/Sans-titre-2-768x1024.jpg 768w, https:\/\/hadilsalih.fr\/wp-content\/uploads\/2026\/01\/Sans-titre-2-1536x2048.jpg 1536w, https:\/\/hadilsalih.fr\/wp-content\/uploads\/2026\/01\/Sans-titre-2-9x12.jpg 9w, https:\/\/hadilsalih.fr\/wp-content\/uploads\/2026\/01\/Sans-titre-2-scaled.jpg 1920w\" sizes=\"(max-width: 1152px) 100vw, 1152px\" \/><\/a>\n\t\t\t<\/div><\/figure>\n\t\t<\/div>\n\t\t<\/div>\n\t\t\t\t\t\t<\/div>\n\t\t\t\t<\/div>\n\t\t\t\t<div class=\"elementor-element elementor-element-b9f5e61 elementor-widget elementor-widget-spacer\" data-id=\"b9f5e61\" data-element_type=\"widget\" data-widget_type=\"spacer.default\">\n\t\t\t\t<div class=\"elementor-widget-container\">\n\t\t\t\t\t\t\t<div class=\"elementor-spacer\">\n\t\t\t<div class=\"elementor-spacer-inner\"><\/div>\n\t\t<\/div>\n\t\t\t\t\t\t<\/div>\n\t\t\t\t<\/div>\n\t\t\t\t<div class=\"elementor-element elementor-element-cdf244a elementor-widget elementor-widget-text-editor\" data-id=\"cdf244a\" data-element_type=\"widget\" data-widget_type=\"text-editor.default\">\n\t\t\t\t<div class=\"elementor-widget-container\">\n\t\t\t\t\t\t\t\t\t<p>Sans titre<em>,<\/em> 2025, encre et papier d\u00e9coup\u00e9<\/p>\t\t\t\t\t\t\t\t<\/div>\n\t\t\t\t<\/div>\n\t\t\t\t<div class=\"elementor-element elementor-element-366a3ce elementor-widget__width-auto elementor-widget elementor-widget-image-gallery\" data-id=\"366a3ce\" data-element_type=\"widget\" data-widget_type=\"image-gallery.default\">\n\t\t\t\t<div class=\"elementor-widget-container\">\n\t\t\t\t\t\t\t<div class=\"elementor-image-gallery\">\n\t\t\t<div id='gallery-4' class='gallery galleryid-2404 gallery-columns-1 gallery-size-1536x1536'><figure class='gallery-item'>\n\t\t\t<div class='gallery-icon portrait'>\n\t\t\t\t<a data-elementor-open-lightbox=\"yes\" data-elementor-lightbox-slideshow=\"366a3ce\" data-e-action-hash=\"#elementor-action%3Aaction%3Dlightbox%26settings%3DeyJpZCI6MjQxNywidXJsIjoiaHR0cHM6XC9cL2hhZGlsc2FsaWguZnJcL3dwLWNvbnRlbnRcL3VwbG9hZHNcLzIwMjZcLzAxXC9TYW5zLVRpdHJlLTMtc2NhbGVkLmpwZyIsInNsaWRlc2hvdyI6IjM2NmEzY2UifQ%3D%3D\" href='https:\/\/hadilsalih.fr\/wp-content\/uploads\/2026\/01\/Sans-Titre-3-scaled.jpg'><img loading=\"lazy\" decoding=\"async\" width=\"1418\" height=\"1536\" src=\"https:\/\/hadilsalih.fr\/wp-content\/uploads\/2026\/01\/Sans-Titre-3-1418x1536.jpg\" class=\"attachment-1536x1536 size-1536x1536\" alt=\"\" srcset=\"https:\/\/hadilsalih.fr\/wp-content\/uploads\/2026\/01\/Sans-Titre-3-1418x1536.jpg 1418w, https:\/\/hadilsalih.fr\/wp-content\/uploads\/2026\/01\/Sans-Titre-3-277x300.jpg 277w, https:\/\/hadilsalih.fr\/wp-content\/uploads\/2026\/01\/Sans-Titre-3-945x1024.jpg 945w, https:\/\/hadilsalih.fr\/wp-content\/uploads\/2026\/01\/Sans-Titre-3-768x832.jpg 768w, https:\/\/hadilsalih.fr\/wp-content\/uploads\/2026\/01\/Sans-Titre-3-1890x2048.jpg 1890w, https:\/\/hadilsalih.fr\/wp-content\/uploads\/2026\/01\/Sans-Titre-3-11x12.jpg 11w\" sizes=\"(max-width: 1418px) 100vw, 1418px\" \/><\/a>\n\t\t\t<\/div><\/figure>\n\t\t<\/div>\n\t\t<\/div>\n\t\t\t\t\t\t<\/div>\n\t\t\t\t<\/div>\n\t\t\t\t<div class=\"elementor-element elementor-element-d1f72f8 elementor-widget elementor-widget-spacer\" data-id=\"d1f72f8\" data-element_type=\"widget\" data-widget_type=\"spacer.default\">\n\t\t\t\t<div class=\"elementor-widget-container\">\n\t\t\t\t\t\t\t<div class=\"elementor-spacer\">\n\t\t\t<div class=\"elementor-spacer-inner\"><\/div>\n\t\t<\/div>\n\t\t\t\t\t\t<\/div>\n\t\t\t\t<\/div>\n\t\t\t\t<div class=\"elementor-element elementor-element-dc44067 elementor-widget elementor-widget-text-editor\" data-id=\"dc44067\" data-element_type=\"widget\" data-widget_type=\"text-editor.default\">\n\t\t\t\t<div class=\"elementor-widget-container\">\n\t\t\t\t\t\t\t\t\t<p>Sans titre, 2026, encre et papier<\/p>\t\t\t\t\t\t\t\t<\/div>\n\t\t\t\t<\/div>\n\t\t\t\t<div class=\"elementor-element elementor-element-4b6f6dc elementor-widget__width-auto elementor-widget elementor-widget-image-gallery\" data-id=\"4b6f6dc\" data-element_type=\"widget\" data-widget_type=\"image-gallery.default\">\n\t\t\t\t<div class=\"elementor-widget-container\">\n\t\t\t\t\t\t\t<div class=\"elementor-image-gallery\">\n\t\t\t<div id='gallery-5' class='gallery galleryid-2404 gallery-columns-1 gallery-size-1536x1536'><figure class='gallery-item'>\n\t\t\t<div class='gallery-icon landscape'>\n\t\t\t\t<a data-elementor-open-lightbox=\"yes\" data-elementor-lightbox-slideshow=\"4b6f6dc\" data-e-action-hash=\"#elementor-action%3Aaction%3Dlightbox%26settings%3DeyJpZCI6MjQ4MCwidXJsIjoiaHR0cHM6XC9cL2hhZGlsc2FsaWguZnJcL3dwLWNvbnRlbnRcL3VwbG9hZHNcLzIwMjZcLzAyXC9DYWxsaWdyYXBoaWUtY2VyY2xlLmpwZyIsInNsaWRlc2hvdyI6IjRiNmY2ZGMifQ%3D%3D\" href='https:\/\/hadilsalih.fr\/wp-content\/uploads\/2026\/02\/Calligraphie-cercle.jpg'><img loading=\"lazy\" decoding=\"async\" width=\"1536\" height=\"1152\" src=\"https:\/\/hadilsalih.fr\/wp-content\/uploads\/2026\/02\/Calligraphie-cercle-1536x1152.jpg\" class=\"attachment-1536x1536 size-1536x1536\" alt=\"\" srcset=\"https:\/\/hadilsalih.fr\/wp-content\/uploads\/2026\/02\/Calligraphie-cercle-1536x1152.jpg 1536w, https:\/\/hadilsalih.fr\/wp-content\/uploads\/2026\/02\/Calligraphie-cercle-300x225.jpg 300w, https:\/\/hadilsalih.fr\/wp-content\/uploads\/2026\/02\/Calligraphie-cercle-1024x768.jpg 1024w, https:\/\/hadilsalih.fr\/wp-content\/uploads\/2026\/02\/Calligraphie-cercle-768x576.jpg 768w, https:\/\/hadilsalih.fr\/wp-content\/uploads\/2026\/02\/Calligraphie-cercle-16x12.jpg 16w, https:\/\/hadilsalih.fr\/wp-content\/uploads\/2026\/02\/Calligraphie-cercle.jpg 2000w\" sizes=\"(max-width: 1536px) 100vw, 1536px\" \/><\/a>\n\t\t\t<\/div><\/figure>\n\t\t<\/div>\n\t\t<\/div>\n\t\t\t\t\t\t<\/div>\n\t\t\t\t<\/div>\n\t\t\t\t\t<\/div>\n\t\t<\/div>\n\t\t\t\t\t<\/div>\n\t\t<\/section>\n\t\t\t\t<\/div>","protected":false},"excerpt":{"rendered":"<p>Calligraphie La calligraphie est un h\u00e9ritage de mon p\u00e8re ma\u00eetre-calligraphe qui m\u2019a transmis l\u2019art de manier et de sublimer les lettres arabes. Art du souffle et du mouvement, art sacr\u00e9 et mill\u00e9naire omnipr\u00e9sent dans la civilisation arabo-musulmane, j\u2019explore avec une humilit\u00e9 n\u00e9cessaire les possibilit\u00e9s infinies qu\u2019offre la calligraphie. J\u2019en cherche les contours, l\u00e0 o\u00f9 l\u2019encre [&hellip;]<\/p>","protected":false},"author":1,"featured_media":0,"parent":0,"menu_order":0,"comment_status":"closed","ping_status":"closed","template":"","meta":{"footnotes":""},"class_list":["post-2404","page","type-page","status-publish","hentry"],"yoast_head":"<!-- This site is optimized with the Yoast SEO plugin v24.6 - https:\/\/yoast.com\/wordpress\/plugins\/seo\/ -->\n<title>Calligraphie - Hadil Salih<\/title>\n<meta name=\"robots\" content=\"index, follow, max-snippet:-1, max-image-preview:large, max-video-preview:-1\" \/>\n<link rel=\"canonical\" href=\"https:\/\/hadilsalih.fr\/en\/calligraphie\/\" \/>\n<meta property=\"og:locale\" content=\"en_GB\" \/>\n<meta property=\"og:type\" content=\"article\" \/>\n<meta property=\"og:title\" content=\"Calligraphie - Hadil Salih\" \/>\n<meta property=\"og:description\" content=\"Calligraphie La calligraphie est un h\u00e9ritage de mon p\u00e8re ma\u00eetre-calligraphe qui m\u2019a transmis l\u2019art de manier et de sublimer les lettres arabes. Art du souffle et du mouvement, art sacr\u00e9 et mill\u00e9naire omnipr\u00e9sent dans la civilisation arabo-musulmane, j\u2019explore avec une humilit\u00e9 n\u00e9cessaire les possibilit\u00e9s infinies qu\u2019offre la calligraphie. J\u2019en cherche les contours, l\u00e0 o\u00f9 l\u2019encre [&hellip;]\" \/>\n<meta property=\"og:url\" content=\"https:\/\/hadilsalih.fr\/en\/calligraphie\/\" \/>\n<meta property=\"og:site_name\" content=\"Hadil Salih\" \/>\n<meta property=\"article:modified_time\" content=\"2026-02-07T14:20:54+00:00\" \/>\n<meta property=\"og:image\" content=\"https:\/\/hadilsalih.fr\/wp-content\/uploads\/2026\/01\/Feuilles-1152x1536.jpg\" \/>\n<meta name=\"twitter:card\" content=\"summary_large_image\" \/>\n<meta name=\"twitter:label1\" content=\"Estimated reading time\" \/>\n\t<meta name=\"twitter:data1\" content=\"2 minutes\" \/>\n<script type=\"application\/ld+json\" class=\"yoast-schema-graph\">{\"@context\":\"https:\/\/schema.org\",\"@graph\":[{\"@type\":\"WebPage\",\"@id\":\"https:\/\/hadilsalih.fr\/calligraphie\/\",\"url\":\"https:\/\/hadilsalih.fr\/calligraphie\/\",\"name\":\"Calligraphie - Hadil Salih\",\"isPartOf\":{\"@id\":\"https:\/\/hadilsalih.fr\/#website\"},\"primaryImageOfPage\":{\"@id\":\"https:\/\/hadilsalih.fr\/calligraphie\/#primaryimage\"},\"image\":{\"@id\":\"https:\/\/hadilsalih.fr\/calligraphie\/#primaryimage\"},\"thumbnailUrl\":\"https:\/\/hadilsalih.fr\/wp-content\/uploads\/2026\/01\/Feuilles-1152x1536.jpg\",\"datePublished\":\"2026-01-12T19:44:24+00:00\",\"dateModified\":\"2026-02-07T14:20:54+00:00\",\"breadcrumb\":{\"@id\":\"https:\/\/hadilsalih.fr\/calligraphie\/#breadcrumb\"},\"inLanguage\":\"en-GB\",\"potentialAction\":[{\"@type\":\"ReadAction\",\"target\":[\"https:\/\/hadilsalih.fr\/calligraphie\/\"]}]},{\"@type\":\"ImageObject\",\"inLanguage\":\"en-GB\",\"@id\":\"https:\/\/hadilsalih.fr\/calligraphie\/#primaryimage\",\"url\":\"https:\/\/hadilsalih.fr\/wp-content\/uploads\/2026\/01\/Feuilles-1152x1536.jpg\",\"contentUrl\":\"https:\/\/hadilsalih.fr\/wp-content\/uploads\/2026\/01\/Feuilles-1152x1536.jpg\"},{\"@type\":\"BreadcrumbList\",\"@id\":\"https:\/\/hadilsalih.fr\/calligraphie\/#breadcrumb\",\"itemListElement\":[{\"@type\":\"ListItem\",\"position\":1,\"name\":\"Accueil\",\"item\":\"https:\/\/hadilsalih.fr\/\"},{\"@type\":\"ListItem\",\"position\":2,\"name\":\"Calligraphie\"}]},{\"@type\":\"WebSite\",\"@id\":\"https:\/\/hadilsalih.fr\/#website\",\"url\":\"https:\/\/hadilsalih.fr\/\",\"name\":\"Hadil Salih\",\"description\":\"\",\"potentialAction\":[{\"@type\":\"SearchAction\",\"target\":{\"@type\":\"EntryPoint\",\"urlTemplate\":\"https:\/\/hadilsalih.fr\/?s={search_term_string}\"},\"query-input\":{\"@type\":\"PropertyValueSpecification\",\"valueRequired\":true,\"valueName\":\"search_term_string\"}}],\"inLanguage\":\"en-GB\"}]}<\/script>\n<!-- \/ Yoast SEO plugin. -->","yoast_head_json":{"title":"Calligraphie - Hadil Salih","robots":{"index":"index","follow":"follow","max-snippet":"max-snippet:-1","max-image-preview":"max-image-preview:large","max-video-preview":"max-video-preview:-1"},"canonical":"https:\/\/hadilsalih.fr\/en\/calligraphie\/","og_locale":"en_GB","og_type":"article","og_title":"Calligraphie - Hadil Salih","og_description":"Calligraphie La calligraphie est un h\u00e9ritage de mon p\u00e8re ma\u00eetre-calligraphe qui m\u2019a transmis l\u2019art de manier et de sublimer les lettres arabes. Art du souffle et du mouvement, art sacr\u00e9 et mill\u00e9naire omnipr\u00e9sent dans la civilisation arabo-musulmane, j\u2019explore avec une humilit\u00e9 n\u00e9cessaire les possibilit\u00e9s infinies qu\u2019offre la calligraphie. J\u2019en cherche les contours, l\u00e0 o\u00f9 l\u2019encre [&hellip;]","og_url":"https:\/\/hadilsalih.fr\/en\/calligraphie\/","og_site_name":"Hadil Salih","article_modified_time":"2026-02-07T14:20:54+00:00","og_image":[{"url":"https:\/\/hadilsalih.fr\/wp-content\/uploads\/2026\/01\/Feuilles-1152x1536.jpg","type":"","width":"","height":""}],"twitter_card":"summary_large_image","twitter_misc":{"Estimated reading time":"2 minutes"},"schema":{"@context":"https:\/\/schema.org","@graph":[{"@type":"WebPage","@id":"https:\/\/hadilsalih.fr\/calligraphie\/","url":"https:\/\/hadilsalih.fr\/calligraphie\/","name":"Calligraphie - Hadil Salih","isPartOf":{"@id":"https:\/\/hadilsalih.fr\/#website"},"primaryImageOfPage":{"@id":"https:\/\/hadilsalih.fr\/calligraphie\/#primaryimage"},"image":{"@id":"https:\/\/hadilsalih.fr\/calligraphie\/#primaryimage"},"thumbnailUrl":"https:\/\/hadilsalih.fr\/wp-content\/uploads\/2026\/01\/Feuilles-1152x1536.jpg","datePublished":"2026-01-12T19:44:24+00:00","dateModified":"2026-02-07T14:20:54+00:00","breadcrumb":{"@id":"https:\/\/hadilsalih.fr\/calligraphie\/#breadcrumb"},"inLanguage":"en-GB","potentialAction":[{"@type":"ReadAction","target":["https:\/\/hadilsalih.fr\/calligraphie\/"]}]},{"@type":"ImageObject","inLanguage":"en-GB","@id":"https:\/\/hadilsalih.fr\/calligraphie\/#primaryimage","url":"https:\/\/hadilsalih.fr\/wp-content\/uploads\/2026\/01\/Feuilles-1152x1536.jpg","contentUrl":"https:\/\/hadilsalih.fr\/wp-content\/uploads\/2026\/01\/Feuilles-1152x1536.jpg"},{"@type":"BreadcrumbList","@id":"https:\/\/hadilsalih.fr\/calligraphie\/#breadcrumb","itemListElement":[{"@type":"ListItem","position":1,"name":"Accueil","item":"https:\/\/hadilsalih.fr\/"},{"@type":"ListItem","position":2,"name":"Calligraphie"}]},{"@type":"WebSite","@id":"https:\/\/hadilsalih.fr\/#website","url":"https:\/\/hadilsalih.fr\/","name":"Hadil Salih","description":"","potentialAction":[{"@type":"SearchAction","target":{"@type":"EntryPoint","urlTemplate":"https:\/\/hadilsalih.fr\/?s={search_term_string}"},"query-input":{"@type":"PropertyValueSpecification","valueRequired":true,"valueName":"search_term_string"}}],"inLanguage":"en-GB"}]}},"_links":{"self":[{"href":"https:\/\/hadilsalih.fr\/en\/wp-json\/wp\/v2\/pages\/2404","targetHints":{"allow":["GET"]}}],"collection":[{"href":"https:\/\/hadilsalih.fr\/en\/wp-json\/wp\/v2\/pages"}],"about":[{"href":"https:\/\/hadilsalih.fr\/en\/wp-json\/wp\/v2\/types\/page"}],"author":[{"embeddable":true,"href":"https:\/\/hadilsalih.fr\/en\/wp-json\/wp\/v2\/users\/1"}],"replies":[{"embeddable":true,"href":"https:\/\/hadilsalih.fr\/en\/wp-json\/wp\/v2\/comments?post=2404"}],"version-history":[{"count":58,"href":"https:\/\/hadilsalih.fr\/en\/wp-json\/wp\/v2\/pages\/2404\/revisions"}],"predecessor-version":[{"id":2513,"href":"https:\/\/hadilsalih.fr\/en\/wp-json\/wp\/v2\/pages\/2404\/revisions\/2513"}],"wp:attachment":[{"href":"https:\/\/hadilsalih.fr\/en\/wp-json\/wp\/v2\/media?parent=2404"}],"curies":[{"name":"wp","href":"https:\/\/api.w.org\/{rel}","templated":true}]}}