{"id":1473,"date":"2024-04-19T12:57:28","date_gmt":"2024-04-19T10:57:28","guid":{"rendered":"http:\/\/hadilsl.cluster028.hosting.ovh.net\/?page_id=1473"},"modified":"2025-03-05T00:01:35","modified_gmt":"2025-03-04T23:01:35","slug":"workshops","status":"publish","type":"page","link":"https:\/\/hadilsalih.fr\/en\/workshops\/","title":{"rendered":"Workshops"},"content":{"rendered":"<div data-elementor-type=\"wp-page\" data-elementor-id=\"1473\" class=\"elementor elementor-1473\">\n\t\t\t\t\t\t<section class=\"elementor-section elementor-top-section elementor-element elementor-element-9d4de9c elementor-section-boxed elementor-section-height-default elementor-section-height-default\" data-id=\"9d4de9c\" data-element_type=\"section\">\n\t\t\t\t\t\t<div class=\"elementor-container elementor-column-gap-default\">\n\t\t\t\t\t<div class=\"elementor-column elementor-col-100 elementor-top-column elementor-element elementor-element-914d9b2\" data-id=\"914d9b2\" data-element_type=\"column\">\n\t\t\t<div class=\"elementor-widget-wrap elementor-element-populated\">\n\t\t\t\t\t\t<div class=\"elementor-element elementor-element-9fa4c55 elementor-widget elementor-widget-page-title\" data-id=\"9fa4c55\" data-element_type=\"widget\" data-widget_type=\"page-title.default\">\n\t\t\t\t<div class=\"elementor-widget-container\">\n\t\t\t\t\t\t\t\n\t\t<div class=\"hfe-page-title hfe-page-title-wrapper elementor-widget-heading\">\n\n\t\t\t\t\t\t\t\t\t\t\t<a href=\"https:\/\/hadilsalih.fr\/en\">\n\t\t\t\t\t\t<h2 class=\"elementor-heading-title elementor-size-default\">\n\t\t\t\t\t\t\t\t\n\t\t\t\tWorkshops  \n\t\t\t<\/h2> \n\t\t\t\t\t\t\t\t\t<\/a>\n\t\t\t\t\t<\/div>\n\t\t\t\t\t\t<\/div>\n\t\t\t\t<\/div>\n\t\t\t\t<div class=\"elementor-element elementor-element-0c729c9 elementor-widget-divider--view-line elementor-widget elementor-widget-divider\" data-id=\"0c729c9\" data-element_type=\"widget\" data-widget_type=\"divider.default\">\n\t\t\t\t<div class=\"elementor-widget-container\">\n\t\t\t\t\t\t\t<div class=\"elementor-divider\">\n\t\t\t<span class=\"elementor-divider-separator\">\n\t\t\t\t\t\t<\/span>\n\t\t<\/div>\n\t\t\t\t\t\t<\/div>\n\t\t\t\t<\/div>\n\t\t\t\t\t<\/div>\n\t\t<\/div>\n\t\t\t\t\t<\/div>\n\t\t<\/section>\n\t\t\t\t<section class=\"elementor-section elementor-top-section elementor-element elementor-element-196b5e2 elementor-section-boxed elementor-section-height-default elementor-section-height-default\" data-id=\"196b5e2\" data-element_type=\"section\">\n\t\t\t\t\t\t<div class=\"elementor-container elementor-column-gap-default\">\n\t\t\t\t\t<div class=\"elementor-column elementor-col-100 elementor-top-column elementor-element elementor-element-ed8d5e5\" data-id=\"ed8d5e5\" data-element_type=\"column\">\n\t\t\t<div class=\"elementor-widget-wrap elementor-element-populated\">\n\t\t\t\t\t\t<div class=\"elementor-element elementor-element-3b8c53d elementor-widget elementor-widget-text-editor\" data-id=\"3b8c53d\" data-element_type=\"widget\" data-widget_type=\"text-editor.default\">\n\t\t\t\t<div class=\"elementor-widget-container\">\n\t\t\t\t\t\t\t\t\t<p>Workshops au sein d&rsquo;institutions culturelles (Mus\u00e9e d&rsquo;Art Moderne de Paris, Le Carreau du Temple, le mus\u00e9e Rodin, l&rsquo;Institut du Monde Arabe, le Mus\u00e9e du quai Branly-Jacques Chirac, &#8230;), d&rsquo;\u00e9coles d&rsquo;art enseignement sup\u00e9rieur (Ecole Estienne ESAIG), d&rsquo;\u00e9coles \u00e9l\u00e9mentaires, coll\u00e8ges, lyc\u00e9es et de structures m\u00e9dico-sociales (IME Robert Doisneau, Centre APAJH Paris, Association<b> <\/b>Valentin Ha\u00fcy &#8230;)<\/p>\t\t\t\t\t\t\t\t<\/div>\n\t\t\t\t<\/div>\n\t\t\t\t<div class=\"elementor-element elementor-element-2615b8d elementor-widget elementor-widget-text-editor\" data-id=\"2615b8d\" data-element_type=\"widget\" data-widget_type=\"text-editor.default\">\n\t\t\t\t<div class=\"elementor-widget-container\">\n\t\t\t\t\t\t\t\t\t<p class=\"elementToProof\">Pour d\u00e9couvrir une s\u00e9lection de projets<\/p><p class=\"elementToProof\"><a href=\"https:\/\/hadilsalih.fr\/wp-content\/uploads\/2025\/03\/WorkShop-Hadil-Salih.pdf\" target=\"_blank\" rel=\"noopener\">Click here<\/a><\/p>\t\t\t\t\t\t\t\t<\/div>\n\t\t\t\t<\/div>\n\t\t\t\t\t<\/div>\n\t\t<\/div>\n\t\t\t\t\t<\/div>\n\t\t<\/section>\n\t\t\t\t<section class=\"elementor-section elementor-top-section elementor-element elementor-element-bd5c6d4 elementor-section-boxed elementor-section-height-default elementor-section-height-default\" data-id=\"bd5c6d4\" data-element_type=\"section\">\n\t\t\t\t\t\t<div class=\"elementor-container elementor-column-gap-default\">\n\t\t\t\t\t<div class=\"elementor-column elementor-col-100 elementor-top-column elementor-element elementor-element-88cb5a0\" data-id=\"88cb5a0\" data-element_type=\"column\">\n\t\t\t<div class=\"elementor-widget-wrap elementor-element-populated\">\n\t\t\t\t\t\t<div class=\"elementor-element elementor-element-9a26601 elementor-widget elementor-widget-image-gallery\" data-id=\"9a26601\" data-element_type=\"widget\" data-widget_type=\"image-gallery.default\">\n\t\t\t\t<div class=\"elementor-widget-container\">\n\t\t\t\t\t\t\t<div class=\"elementor-image-gallery\">\n\t\t\t<div id='gallery-1' class='gallery galleryid-1473 gallery-columns-1 gallery-size-full'><figure class='gallery-item'>\n\t\t\t<div class='gallery-icon landscape'>\n\t\t\t\t<a data-elementor-open-lightbox=\"yes\" data-elementor-lightbox-slideshow=\"9a26601\" data-e-action-hash=\"#elementor-action%3Aaction%3Dlightbox%26settings%3DeyJpZCI6MjM0MiwidXJsIjoiaHR0cHM6XC9cL2hhZGlsc2FsaWguZnJcL3dwLWNvbnRlbnRcL3VwbG9hZHNcLzIwMjVcLzAzXC9JTUdfMjAyNTAxMTZfMTg1NzU0LTEuanBnIiwic2xpZGVzaG93IjoiOWEyNjYwMSJ9\" href='https:\/\/hadilsalih.fr\/wp-content\/uploads\/2025\/03\/IMG_20250116_185754-1.jpg'><img fetchpriority=\"high\" decoding=\"async\" width=\"1439\" height=\"648\" src=\"https:\/\/hadilsalih.fr\/wp-content\/uploads\/2025\/03\/IMG_20250116_185754-1.jpg\" class=\"attachment-full size-full\" alt=\"\" srcset=\"https:\/\/hadilsalih.fr\/wp-content\/uploads\/2025\/03\/IMG_20250116_185754-1.jpg 1439w, https:\/\/hadilsalih.fr\/wp-content\/uploads\/2025\/03\/IMG_20250116_185754-1-300x135.jpg 300w, https:\/\/hadilsalih.fr\/wp-content\/uploads\/2025\/03\/IMG_20250116_185754-1-1024x461.jpg 1024w, https:\/\/hadilsalih.fr\/wp-content\/uploads\/2025\/03\/IMG_20250116_185754-1-768x346.jpg 768w, https:\/\/hadilsalih.fr\/wp-content\/uploads\/2025\/03\/IMG_20250116_185754-1-18x8.jpg 18w\" sizes=\"(max-width: 1439px) 100vw, 1439px\" \/><\/a>\n\t\t\t<\/div><\/figure>\n\t\t<\/div>\n\t\t<\/div>\n\t\t\t\t\t\t<\/div>\n\t\t\t\t<\/div>\n\t\t\t\t\t<\/div>\n\t\t<\/div>\n\t\t\t\t\t<\/div>\n\t\t<\/section>\n\t\t\t\t<\/div>","protected":false},"excerpt":{"rendered":"<p>Workshops Workshops au sein d&rsquo;institutions culturelles (Mus\u00e9e d&rsquo;Art Moderne de Paris, Le Carreau du Temple, le mus\u00e9e Rodin, l&rsquo;Institut du Monde Arabe, le Mus\u00e9e du quai Branly-Jacques Chirac, &#8230;), d&rsquo;\u00e9coles d&rsquo;art enseignement sup\u00e9rieur (Ecole Estienne ESAIG), d&rsquo;\u00e9coles \u00e9l\u00e9mentaires, coll\u00e8ges, lyc\u00e9es et de structures m\u00e9dico-sociales (IME Robert Doisneau, Centre APAJH Paris, Association Valentin Ha\u00fcy &#8230;) Pour [&hellip;]<\/p>","protected":false},"author":1,"featured_media":0,"parent":0,"menu_order":0,"comment_status":"closed","ping_status":"closed","template":"","meta":{"footnotes":""},"class_list":["post-1473","page","type-page","status-publish","hentry"],"yoast_head":"<!-- This site is optimized with the Yoast SEO plugin v24.6 - https:\/\/yoast.com\/wordpress\/plugins\/seo\/ -->\n<title>Workshops - Hadil Salih<\/title>\n<meta name=\"robots\" content=\"index, follow, max-snippet:-1, max-image-preview:large, max-video-preview:-1\" \/>\n<link rel=\"canonical\" href=\"https:\/\/hadilsalih.fr\/en\/workshops\/\" \/>\n<meta property=\"og:locale\" content=\"en_GB\" \/>\n<meta property=\"og:type\" content=\"article\" \/>\n<meta property=\"og:title\" content=\"Workshops - Hadil Salih\" \/>\n<meta property=\"og:description\" content=\"Workshops Workshops au sein d&rsquo;institutions culturelles (Mus\u00e9e d&rsquo;Art Moderne de Paris, Le Carreau du Temple, le mus\u00e9e Rodin, l&rsquo;Institut du Monde Arabe, le Mus\u00e9e du quai Branly-Jacques Chirac, &#8230;), d&rsquo;\u00e9coles d&rsquo;art enseignement sup\u00e9rieur (Ecole Estienne ESAIG), d&rsquo;\u00e9coles \u00e9l\u00e9mentaires, coll\u00e8ges, lyc\u00e9es et de structures m\u00e9dico-sociales (IME Robert Doisneau, Centre APAJH Paris, Association Valentin Ha\u00fcy &#8230;) Pour [&hellip;]\" \/>\n<meta property=\"og:url\" content=\"https:\/\/hadilsalih.fr\/en\/workshops\/\" \/>\n<meta property=\"og:site_name\" content=\"Hadil Salih\" \/>\n<meta property=\"article:modified_time\" content=\"2025-03-04T23:01:35+00:00\" \/>\n<meta property=\"og:image\" content=\"https:\/\/hadilsalih.fr\/wp-content\/uploads\/2025\/03\/IMG_20250116_185754-1.jpg\" \/>\n<meta name=\"twitter:card\" content=\"summary_large_image\" \/>\n<meta name=\"twitter:label1\" content=\"Estimated reading time\" \/>\n\t<meta name=\"twitter:data1\" content=\"1 minute\" \/>\n<script type=\"application\/ld+json\" class=\"yoast-schema-graph\">{\"@context\":\"https:\/\/schema.org\",\"@graph\":[{\"@type\":\"WebPage\",\"@id\":\"https:\/\/hadilsalih.fr\/workshops\/\",\"url\":\"https:\/\/hadilsalih.fr\/workshops\/\",\"name\":\"Workshops - Hadil Salih\",\"isPartOf\":{\"@id\":\"https:\/\/hadilsalih.fr\/#website\"},\"primaryImageOfPage\":{\"@id\":\"https:\/\/hadilsalih.fr\/workshops\/#primaryimage\"},\"image\":{\"@id\":\"https:\/\/hadilsalih.fr\/workshops\/#primaryimage\"},\"thumbnailUrl\":\"https:\/\/hadilsalih.fr\/wp-content\/uploads\/2025\/03\/IMG_20250116_185754-1.jpg\",\"datePublished\":\"2024-04-19T10:57:28+00:00\",\"dateModified\":\"2025-03-04T23:01:35+00:00\",\"breadcrumb\":{\"@id\":\"https:\/\/hadilsalih.fr\/workshops\/#breadcrumb\"},\"inLanguage\":\"en-GB\",\"potentialAction\":[{\"@type\":\"ReadAction\",\"target\":[\"https:\/\/hadilsalih.fr\/workshops\/\"]}]},{\"@type\":\"ImageObject\",\"inLanguage\":\"en-GB\",\"@id\":\"https:\/\/hadilsalih.fr\/workshops\/#primaryimage\",\"url\":\"https:\/\/hadilsalih.fr\/wp-content\/uploads\/2025\/03\/IMG_20250116_185754-1.jpg\",\"contentUrl\":\"https:\/\/hadilsalih.fr\/wp-content\/uploads\/2025\/03\/IMG_20250116_185754-1.jpg\"},{\"@type\":\"BreadcrumbList\",\"@id\":\"https:\/\/hadilsalih.fr\/workshops\/#breadcrumb\",\"itemListElement\":[{\"@type\":\"ListItem\",\"position\":1,\"name\":\"Accueil\",\"item\":\"https:\/\/hadilsalih.fr\/\"},{\"@type\":\"ListItem\",\"position\":2,\"name\":\"Workshops\"}]},{\"@type\":\"WebSite\",\"@id\":\"https:\/\/hadilsalih.fr\/#website\",\"url\":\"https:\/\/hadilsalih.fr\/\",\"name\":\"Hadil Salih\",\"description\":\"\",\"potentialAction\":[{\"@type\":\"SearchAction\",\"target\":{\"@type\":\"EntryPoint\",\"urlTemplate\":\"https:\/\/hadilsalih.fr\/?s={search_term_string}\"},\"query-input\":{\"@type\":\"PropertyValueSpecification\",\"valueRequired\":true,\"valueName\":\"search_term_string\"}}],\"inLanguage\":\"en-GB\"}]}<\/script>\n<!-- \/ Yoast SEO plugin. -->","yoast_head_json":{"title":"Workshops - Hadil Salih","robots":{"index":"index","follow":"follow","max-snippet":"max-snippet:-1","max-image-preview":"max-image-preview:large","max-video-preview":"max-video-preview:-1"},"canonical":"https:\/\/hadilsalih.fr\/en\/workshops\/","og_locale":"en_GB","og_type":"article","og_title":"Workshops - Hadil Salih","og_description":"Workshops Workshops au sein d&rsquo;institutions culturelles (Mus\u00e9e d&rsquo;Art Moderne de Paris, Le Carreau du Temple, le mus\u00e9e Rodin, l&rsquo;Institut du Monde Arabe, le Mus\u00e9e du quai Branly-Jacques Chirac, &#8230;), d&rsquo;\u00e9coles d&rsquo;art enseignement sup\u00e9rieur (Ecole Estienne ESAIG), d&rsquo;\u00e9coles \u00e9l\u00e9mentaires, coll\u00e8ges, lyc\u00e9es et de structures m\u00e9dico-sociales (IME Robert Doisneau, Centre APAJH Paris, Association Valentin Ha\u00fcy &#8230;) Pour [&hellip;]","og_url":"https:\/\/hadilsalih.fr\/en\/workshops\/","og_site_name":"Hadil Salih","article_modified_time":"2025-03-04T23:01:35+00:00","og_image":[{"url":"https:\/\/hadilsalih.fr\/wp-content\/uploads\/2025\/03\/IMG_20250116_185754-1.jpg","type":"","width":"","height":""}],"twitter_card":"summary_large_image","twitter_misc":{"Estimated reading time":"1 minute"},"schema":{"@context":"https:\/\/schema.org","@graph":[{"@type":"WebPage","@id":"https:\/\/hadilsalih.fr\/workshops\/","url":"https:\/\/hadilsalih.fr\/workshops\/","name":"Workshops - Hadil Salih","isPartOf":{"@id":"https:\/\/hadilsalih.fr\/#website"},"primaryImageOfPage":{"@id":"https:\/\/hadilsalih.fr\/workshops\/#primaryimage"},"image":{"@id":"https:\/\/hadilsalih.fr\/workshops\/#primaryimage"},"thumbnailUrl":"https:\/\/hadilsalih.fr\/wp-content\/uploads\/2025\/03\/IMG_20250116_185754-1.jpg","datePublished":"2024-04-19T10:57:28+00:00","dateModified":"2025-03-04T23:01:35+00:00","breadcrumb":{"@id":"https:\/\/hadilsalih.fr\/workshops\/#breadcrumb"},"inLanguage":"en-GB","potentialAction":[{"@type":"ReadAction","target":["https:\/\/hadilsalih.fr\/workshops\/"]}]},{"@type":"ImageObject","inLanguage":"en-GB","@id":"https:\/\/hadilsalih.fr\/workshops\/#primaryimage","url":"https:\/\/hadilsalih.fr\/wp-content\/uploads\/2025\/03\/IMG_20250116_185754-1.jpg","contentUrl":"https:\/\/hadilsalih.fr\/wp-content\/uploads\/2025\/03\/IMG_20250116_185754-1.jpg"},{"@type":"BreadcrumbList","@id":"https:\/\/hadilsalih.fr\/workshops\/#breadcrumb","itemListElement":[{"@type":"ListItem","position":1,"name":"Accueil","item":"https:\/\/hadilsalih.fr\/"},{"@type":"ListItem","position":2,"name":"Workshops"}]},{"@type":"WebSite","@id":"https:\/\/hadilsalih.fr\/#website","url":"https:\/\/hadilsalih.fr\/","name":"Hadil Salih","description":"","potentialAction":[{"@type":"SearchAction","target":{"@type":"EntryPoint","urlTemplate":"https:\/\/hadilsalih.fr\/?s={search_term_string}"},"query-input":{"@type":"PropertyValueSpecification","valueRequired":true,"valueName":"search_term_string"}}],"inLanguage":"en-GB"}]}},"_links":{"self":[{"href":"https:\/\/hadilsalih.fr\/en\/wp-json\/wp\/v2\/pages\/1473","targetHints":{"allow":["GET"]}}],"collection":[{"href":"https:\/\/hadilsalih.fr\/en\/wp-json\/wp\/v2\/pages"}],"about":[{"href":"https:\/\/hadilsalih.fr\/en\/wp-json\/wp\/v2\/types\/page"}],"author":[{"embeddable":true,"href":"https:\/\/hadilsalih.fr\/en\/wp-json\/wp\/v2\/users\/1"}],"replies":[{"embeddable":true,"href":"https:\/\/hadilsalih.fr\/en\/wp-json\/wp\/v2\/comments?post=1473"}],"version-history":[{"count":16,"href":"https:\/\/hadilsalih.fr\/en\/wp-json\/wp\/v2\/pages\/1473\/revisions"}],"predecessor-version":[{"id":2370,"href":"https:\/\/hadilsalih.fr\/en\/wp-json\/wp\/v2\/pages\/1473\/revisions\/2370"}],"wp:attachment":[{"href":"https:\/\/hadilsalih.fr\/en\/wp-json\/wp\/v2\/media?parent=1473"}],"curies":[{"name":"wp","href":"https:\/\/api.w.org\/{rel}","templated":true}]}}